{"id":1083,"date":"2026-02-07T16:30:04","date_gmt":"2026-02-07T16:30:04","guid":{"rendered":"https:\/\/pinopa.de\/?page_id=1083"},"modified":"2026-02-14T09:51:43","modified_gmt":"2026-02-14T09:51:43","slug":"kontakt","status":"publish","type":"page","link":"https:\/\/pinopa.de\/?page_id=1083","title":{"rendered":"Kontakt"},"content":{"rendered":"\n<p><strong>\u00a9 PiNoPa<\/strong><\/p>\n\n\n\n<p>Hauptstra\u00dfe 31<\/p>\n\n\n\n<p>74731 Walld\u00fcrn<\/p>\n\n\n\n<p>Mobil: 0170-5409586<\/p>\n\n\n\n<p>\u00d6ffnungszeiten:<\/p>\n\n\n\n<p>Montag und Mittwoch von 13:15 Uhr bis 17:15 Uhr<\/p>\n\n\n\n<p>Freitag von 10:00 Uhr bis 14:00 Uhr<\/p>\n","protected":false},"excerpt":{"rendered":"<p>\u00a9 PiNoPa Hauptstra\u00dfe 31 74731 Walld\u00fcrn Mobil: 0170-5409586 \u00d6ffnungszeiten: Montag und Mittwoch von 13:15 Uhr bis 17:15 Uhr Freitag von 10:00 Uhr bis 14:00 Uhr<\/p>\n","protected":false},"author":2,"featured_media":0,"parent":0,"menu_order":0,"comment_status":"closed","ping_status":"closed","template":"","meta":{"footnotes":""},"class_list":["entry","page","publish","author-klarinette","post-1083"],"_links":{"self":[{"href":"https:\/\/pinopa.de\/index.php?rest_route=\/wp\/v2\/pages\/1083","targetHints":{"allow":["GET"]}}],"collection":[{"href":"https:\/\/pinopa.de\/index.php?rest_route=\/wp\/v2\/pages"}],"about":[{"href":"https:\/\/pinopa.de\/index.php?rest_route=\/wp\/v2\/types\/page"}],"author":[{"embeddable":true,"href":"https:\/\/pinopa.de\/index.php?rest_route=\/wp\/v2\/users\/2"}],"replies":[{"embeddable":true,"href":"https:\/\/pinopa.de\/index.php?rest_route=%2Fwp%2Fv2%2Fcomments&post=1083"}],"version-history":[{"count":4,"href":"https:\/\/pinopa.de\/index.php?rest_route=\/wp\/v2\/pages\/1083\/revisions"}],"predecessor-version":[{"id":1091,"href":"https:\/\/pinopa.de\/index.php?rest_route=\/wp\/v2\/pages\/1083\/revisions\/1091"}],"wp:attachment":[{"href":"https:\/\/pinopa.de\/index.php?rest_route=%2Fwp%2Fv2%2Fmedia&parent=1083"}],"curies":[{"name":"wp","href":"https:\/\/api.w.org\/{rel}","templated":true}]}}