{"id":69,"date":"2015-02-27T11:36:54","date_gmt":"2015-02-27T11:36:54","guid":{"rendered":"http:\/\/pinopa.de\/?page_id=69"},"modified":"2026-02-14T11:17:43","modified_gmt":"2026-02-14T11:17:43","slug":"ueber-uns","status":"publish","type":"page","link":"https:\/\/pinopa.de\/","title":{"rendered":"\u00dcber mich"},"content":{"rendered":"\n<p>Willkommen bei PiNoPa &#8211; liebevoll handgemachte Baby- und Kinderkleidung aus hochwertigen Stoffen. Zeitlos, bequem und mit ganz viel Herz gen\u00e4ht &#8211; f\u00fcr kleine Lieblingsmenschen und gro\u00dfe Wohlf\u00fchlmomente.<\/p>\n\n\n\n<div class=\"wp-block-columns is-layout-flex wp-container-core-columns-is-layout-9d6595d7 wp-block-columns-is-layout-flex\">\n<div class=\"wp-block-column is-vertically-aligned-top is-layout-flow wp-block-column-is-layout-flow\" style=\"flex-basis:100%\">\n<div class=\"wp-block-columns is-layout-flex wp-container-core-columns-is-layout-9d6595d7 wp-block-columns-is-layout-flex\">\n<div class=\"wp-block-column is-layout-flow wp-block-column-is-layout-flow\">\n<div class=\"wp-block-columns is-layout-flex wp-container-core-columns-is-layout-9d6595d7 wp-block-columns-is-layout-flex\">\n<div class=\"wp-block-column is-layout-flow wp-block-column-is-layout-flow\">\n<figure class=\"wp-block-image size-large is-resized\"><a href=\"https:\/\/pinopa.de\/wp-content\/uploads\/2026\/02\/IMG_8495-1.jpg\"><img loading=\"lazy\" decoding=\"async\" width=\"1024\" height=\"1019\" src=\"https:\/\/pinopa.de\/wp-content\/uploads\/2026\/02\/IMG_8495-1-1024x1019.jpg\" alt=\"\" class=\"wp-image-1098\" style=\"aspect-ratio:1.0049506821359737;width:291px;height:auto\" srcset=\"https:\/\/pinopa.de\/wp-content\/uploads\/2026\/02\/IMG_8495-1-1024x1019.jpg 1024w, https:\/\/pinopa.de\/wp-content\/uploads\/2026\/02\/IMG_8495-1-300x299.jpg 300w, https:\/\/pinopa.de\/wp-content\/uploads\/2026\/02\/IMG_8495-1-150x150.jpg 150w, https:\/\/pinopa.de\/wp-content\/uploads\/2026\/02\/IMG_8495-1-768x764.jpg 768w, https:\/\/pinopa.de\/wp-content\/uploads\/2026\/02\/IMG_8495-1-100x100.jpg 100w, https:\/\/pinopa.de\/wp-content\/uploads\/2026\/02\/IMG_8495-1.jpg 1290w\" sizes=\"auto, (max-width: 1024px) 100vw, 1024px\" \/><\/a><\/figure>\n<\/div>\n\n\n\n<div class=\"wp-block-column is-layout-flow wp-block-column-is-layout-flow\">\n<figure class=\"wp-block-image size-large is-resized\"><a href=\"https:\/\/pinopa.de\/wp-content\/uploads\/2026\/02\/PXL_20241102_082535549-scaled.jpg\"><img loading=\"lazy\" decoding=\"async\" width=\"768\" height=\"1024\" src=\"https:\/\/pinopa.de\/wp-content\/uploads\/2026\/02\/PXL_20241102_082535549-768x1024.jpg\" alt=\"\" class=\"wp-image-1099\" style=\"aspect-ratio:0.7500427715996578;width:214px;height:auto\" srcset=\"https:\/\/pinopa.de\/wp-content\/uploads\/2026\/02\/PXL_20241102_082535549-768x1024.jpg 768w, https:\/\/pinopa.de\/wp-content\/uploads\/2026\/02\/PXL_20241102_082535549-225x300.jpg 225w, https:\/\/pinopa.de\/wp-content\/uploads\/2026\/02\/PXL_20241102_082535549-1152x1536.jpg 1152w, https:\/\/pinopa.de\/wp-content\/uploads\/2026\/02\/PXL_20241102_082535549-1536x2048.jpg 1536w, https:\/\/pinopa.de\/wp-content\/uploads\/2026\/02\/PXL_20241102_082535549-300x400.jpg 300w, https:\/\/pinopa.de\/wp-content\/uploads\/2026\/02\/PXL_20241102_082535549-scaled.jpg 1920w\" sizes=\"auto, (max-width: 768px) 100vw, 768px\" \/><\/a><\/figure>\n<\/div>\n<\/div>\n<\/div>\n<\/div>\n<\/div>\n<\/div>\n\n\n\n<p><strong>Kerstin Heneka \u2013 PiNoPa <\/strong><\/p>\n\n\n\n<p>PiNoPa steht f\u00fcr liebevoll handgefertigte Textil- und N\u00e4harbeiten mit Fokus auf Baby- und Kinderartikel. Gegr\u00fcndet wurde das Unternehmen 2015 in Walld\u00fcrn, wo ich seit vielen Jahren meine Leidenschaft f\u00fcr Stoffe, Farben und kreative Gestaltung in handgemachte Produkte verwandel.<\/p>\n\n\n\n<p>Im Laufe der Zeit entwickelte sich PiNoPa zu einem kleinen Herzensprojekt mit gro\u00dfer Strahlkraft: Die Inspiration f\u00fcr viele Ideen und Designs kommt auch aus dem Austausch mit meiner Kundschaft und \u00fcber den Instagram-Account @Handmade_by_PiNoPa, wo ich regelm\u00e4\u00dfig Einblicke in neue Kreationen, N\u00e4hprozesse und besondere Sonderanfertigungen teile.&nbsp; <\/p>\n\n\n\n<p>PiNoPa bietet ein vielf\u00e4ltiges Sortiment an selbstgen\u00e4hten Artikeln rund ums Baby und Kind an \u2013 von Lederpuschen \u00fcber M\u00fctzchen, Hosen, Shirts und Kleider bis hin zu personalisierbaren Stickereien. Viele St\u00fccke k\u00f6nnen individuell gestaltet werden, wodurch sie zu besonderen Geschenken und Einzelst\u00fccken werden.<\/p>\n\n\n\n<p>Seit der Er\u00f6ffnung meines eigenen Ladens in der Hauptstra\u00dfe 31 in Walld\u00fcrn erfreut sich PiNoPa gro\u00dfer Resonanz: Hier finden Kundinnen und Kunden die handgemachten Produkte, k\u00f6nnen in Stoffen und Farben st\u00f6bern und sich pers\u00f6nlich beraten lassen. <\/p>\n\n\n\n<p><strong>N\u00e4hkurse \u2013 Kreativit\u00e4t selbst erleben<\/strong><\/p>\n\n\n\n<p>Neben dem Verkauf handgemachter Produkte biete ich auch N\u00e4hkurse f\u00fcr Anf\u00e4nger und Fortgeschrittene an. Hier haben Kinder, Jugendliche und Erwachsene die M\u00f6glichkeit, das N\u00e4hen Schritt f\u00fcr Schritt zu erlernen oder ihre Kenntnisse zu vertiefen.<\/p>\n\n\n\n<p>In gem\u00fctlicher Atmosph\u00e4re vermittle ich Grundlagen wie den Umgang mit der N\u00e4hmaschine, Stoffkunde und Schnittmusteranpassung \u2013 ebenso wie kreative Techniken und individuelle Projekte. Die Kurse schaffen Raum f\u00fcr Austausch, Inspiration und gemeinsames Gestalten.<\/p>\n\n\n\n<p>So wird PiNoPa nicht nur zum Ort f\u00fcr besondere handgefertigte Produkte, sondern auch zu einem Treffpunkt f\u00fcr alle, die selbst kreativ werden m\u00f6chten.<\/p>\n\n\n\n<p>\u00dcber Instagram gebe ich regelm\u00e4\u00dfig Einblicke in neue Kollektionen, laufende Projekte und Kursangebote. <\/p>\n\n\n\n<p><\/p>\n\n\n\n<p>Schaut gern vorbei, ich freu mich auf euch.<\/p>\n\n\n\n<p>Eure Kerstin <\/p>\n","protected":false},"excerpt":{"rendered":"<p>Willkommen bei PiNoPa &#8211; liebevoll handgemachte Baby- und Kinderkleidung aus hochwertigen Stoffen. Zeitlos, bequem und mit ganz viel Herz gen\u00e4ht &#8211; f\u00fcr kleine Lieblingsmenschen und gro\u00dfe Wohlf\u00fchlmomente. Kerstin Heneka \u2013 PiNoPa PiNoPa steht f\u00fcr liebevoll handgefertigte Textil- und N\u00e4harbeiten mit Fokus auf Baby- und Kinderartikel. Gegr\u00fcndet wurde das Unternehmen 2015 in Walld\u00fcrn, wo ich seit &#8230; <span class=\"more\"><a class=\"more-link\" href=\"https:\/\/pinopa.de\/\">[Read more&#8230;]<\/a><\/span><\/p>\n","protected":false},"author":1,"featured_media":0,"parent":0,"menu_order":0,"comment_status":"closed","ping_status":"closed","template":"","meta":{"footnotes":""},"class_list":["entry","page","publish","author-meikel-doerrgmx-de","post-69"],"_links":{"self":[{"href":"https:\/\/pinopa.de\/index.php?rest_route=\/wp\/v2\/pages\/69","targetHints":{"allow":["GET"]}}],"collection":[{"href":"https:\/\/pinopa.de\/index.php?rest_route=\/wp\/v2\/pages"}],"about":[{"href":"https:\/\/pinopa.de\/index.php?rest_route=\/wp\/v2\/types\/page"}],"author":[{"embeddable":true,"href":"https:\/\/pinopa.de\/index.php?rest_route=\/wp\/v2\/users\/1"}],"replies":[{"embeddable":true,"href":"https:\/\/pinopa.de\/index.php?rest_route=%2Fwp%2Fv2%2Fcomments&post=69"}],"version-history":[{"count":7,"href":"https:\/\/pinopa.de\/index.php?rest_route=\/wp\/v2\/pages\/69\/revisions"}],"predecessor-version":[{"id":1103,"href":"https:\/\/pinopa.de\/index.php?rest_route=\/wp\/v2\/pages\/69\/revisions\/1103"}],"wp:attachment":[{"href":"https:\/\/pinopa.de\/index.php?rest_route=%2Fwp%2Fv2%2Fmedia&parent=69"}],"curies":[{"name":"wp","href":"https:\/\/api.w.org\/{rel}","templated":true}]}}