{"id":805,"date":"2018-07-11T09:18:47","date_gmt":"2018-07-11T09:18:47","guid":{"rendered":"http:\/\/pinopa.de\/?page_id=805"},"modified":"2018-07-11T09:21:38","modified_gmt":"2018-07-11T09:21:38","slug":"datenschutzerklaerung","status":"publish","type":"page","link":"https:\/\/pinopa.de\/?page_id=805","title":{"rendered":"Datenschutzerkl\u00e4rung"},"content":{"rendered":"<p><strong><u>Datenschutzerkl\u00e4rung<\/u><\/strong><\/p>\n<p>Wir, Handmade by PiNoPa &#8211; Kerstin Heneka (im Folgenden \u201cwir\/unser(e)&#8220;), nehmen den Schutz Ihrer pers\u00f6nlichen Daten sehr ernst und halten uns streng an alle geltenden Gesetze und Vorschriften zum Datenschutz, insbesondere an die Datenschutzgrundverordnung, (DSGVO), das Bundesdatenschutzgesetz (BDSG) und das Telemediengesetz (TMG). Die folgenden Erl\u00e4uterungen geben Ihnen einen \u00dcberblick dar\u00fcber, wie wir diesen Schutz sicherstellen und welche Daten wir zu welchem Zweck verarbeiten. Sollten Sie dennoch etwas zu beanstanden haben, so kontaktieren Sie uns bitte im Rahmen der Schadensminderungsobliegenheit. Die Nutzung unserer Webseite ist in der Regel ohne Angabe personenbezogener Daten m\u00f6glich.<\/p>\n<p><strong><br \/>\n1. Nutzungsdaten<br \/>\n<\/strong>Bei jedem Zugriff auf unsere Webseite und bei jedem Abruf einer Datei, werden automatisch \u00fcber diesen Vorgang allgemeine Daten in einer Protokolldatei gespeichert. Die Speicherung dient ausschlie\u00dflich systembezogenen und statistischen Zwecken (auf Grundlage von Art. 6 Abs. 1 Buchst. b) DSGVO), sowie in Ausnahmef\u00e4llen zur Anzeige von Straftaten (auf Grundlage von Art. 6 Abs. 1 Buchst. e) DSGVO). Eine Weitergabe der Daten an Dritte oder eine sonstige Auswertung findet nicht statt, es sei denn, es besteht eine gesetzliche Verpflichtung dazu (Art. 6 Abs. 1 Buchst. e) DSGVO).<\/p>\n<p>Im Einzelnen wird \u00fcber jeden Abruf folgender Datensatz gespeichert:<\/p>\n<ul>\n<li>Name der abgerufenen Datei<\/li>\n<li>Datum und Uhrzeit des Abrufs<\/li>\n<li>\u00fcbertragene Datenmenge<\/li>\n<li>Meldung, ob der Abruf erfolgreich war<\/li>\n<li>Beschreibung des Typs des verwendeten Webbrowsers<\/li>\n<li>verwendetes Betriebssystem<\/li>\n<li>die zuvor besuchte Seite<\/li>\n<li>Provider<\/li>\n<li>Ihre IP-Adresse<\/li>\n<\/ul>\n<p><strong><br \/>\n2. Personenbezogene Daten<br \/>\n<\/strong>Personenbezogene Daten werden von uns nur dann verarbeitet, wenn uns dies gesetzlich gestattet ist, oder Sie uns Ihre Einwilligung erteilt haben. Im Einzelnen:<\/p>\n<p>Kontakt<br \/>\nWenn Sie mit uns in Kontakt treten, speichern wir Ihre Daten auf Grundlage von Art. 6 Abs. 1 Buchst. b) DSGVO zum Zwecke der Bearbeitung Ihrer Anfrage, sowie f\u00fcr den Fall, dass eine weitere Korrespondenz stattfinden sollte.<\/p>\n<p>Eine Weitergabe Ihrer personenbezogenen Daten an Dritte folgt nur, sofern wir hierzu gesetzlich verpflichtet sind (dann auf Basis von Art. 6 Abs. 1 Buchst. e) DSGVO), oder dies zur Wahrung der berechtigten Interessen des Dritten erforderlich ist (dann auf Basis von Art. Art. 6 Abs. 1 Buchst. f) DSGVO).<\/p>\n<p><strong><br \/>\n3. Cookies<br \/>\n<\/strong><strong>\u00a0<\/strong>Wir setzen in einigen Bereichen unserer Webseite sogenannte Cookies ein. Durch solche Dateielemente kann Ihr Computer als technische Einheit w\u00e4hrend Ihres Besuchs auf dieser Webseite identifiziert werden, um Ihnen die Verwendung unseres Angebotes \u2013 auch bei Wiederholungsbesuchen \u2013 zu erleichtern.<\/p>\n<p>Sie haben aber in der Regel die M\u00f6glichkeit, Ihren Internetbrowser so einzustellen, dass Sie \u00fcber das Auftreten von Cookies informiert werden, so dass Sie diese zulassen oder ausschlie\u00dfen, beziehungsweise bereits vorhandene Cookies l\u00f6schen k\u00f6nnen.<\/p>\n<p>Bitte verwenden Sie die Hilfefunktion Ihres Internetbrowsers, um Informationen zu der \u00c4nderung dieser Einstellungen zu erlangen. Wir weisen darauf hin, dass einzelne Funktionen unserer Webseite m\u00f6glicherweise nicht funktionieren, wenn Sie die Verwendung von Cookies deaktiviert haben.<\/p>\n<p>Cookies erlauben nicht, dass ein Server private Daten von Ihrem Computer oder die von einem anderen Server abgelegten Daten lesen kann. Sie richten auf Ihrem Rechner keinen Schaden an und enthalten keine Viren.<\/p>\n<p>Wir st\u00fctzen den Einsatz von Cookies auf Art. 6 Abs. 1 Buchst. f) DSGVO: die Verarbeitung erfolgt zur Verbesserung der Funktionsweise unserer Webseite. Sie ist daher zur Wahrung unserer berechtigten Interessen erforderlich.<\/p>\n<p><strong><br \/>\n4. Verwendung von Google Webfonts und Google Maps<br \/>\n<\/strong>Auf unserer Webseite werden externe Schriften, sog. Google Webfonts, verwendet. Zudem benutzen wir Google Maps, um f\u00fcr Sie den Anfahrtsweg zu unserem Unternehmen darzustellen und Ihnen die Planung der Anfahrt zu vereinfachen.<\/p>\n<p>Auch hierbei greifen wir auf Dienste der Google Inc. 1600 Amphitheatre Parkway, Mountain View, CA 94043, USA zur\u00fcck. Dazu l\u00e4dt beim Aufrufen unserer Seite Ihr Browser die ben\u00f6tigten Informationen vom Google-Server in den USA in ihren Browsercache. Dies ist notwendig damit auch Ihr Browser eine optisch verbesserte Darstellung unserer Texte anzeigen kann, bzw. die Karte auf unserer Webseite dargestellt wird. Hierdurch wird an den Google-Server \u00fcbermittelt, welche unserer Internetseiten Sie besucht haben. Auch wird Ihre IP-Adresse von Google gespeichert.<\/p>\n<p>Weitergehende Informationen zu Google Webfonts finden sie unter <a href=\"https:\/\/developers.google.com\/fonts\/faq?hl=de-DE&amp;csw=1\">https:\/\/developers.google.com\/fonts\/faq?hl=de-DE&amp;csw=1 <\/a><\/p>\n<p>Weitergehende Informationen zu Google Maps finden sie unter <a href=\"https:\/\/https:\/\/www.google.com\/intl\/de_de\/help\/terms_maps.html\">https:\/\/https:\/\/www.google.com\/intl\/de_de\/help\/terms_maps.html<\/a><\/p>\n<p>Allgemeine Informationen zum Thema Datenschutz bei Google finden sie unter <a href=\"https:\/\/https:\/\/www.google.com\/policies\/privacy\/\">https:\/\/www.google.com\/policies\/privacy\/<\/a><\/p>\n<p><strong><br \/>\n5. Dauer der Speicherung<br \/>\n<\/strong>Ihre Daten werden in der Regel so lange bei uns gespeichert, wie wir diese f\u00fcr die Bestellabwicklung ben\u00f6tigen. Dar\u00fcber hinaus gibt es gesetzliche Regelungen wie z.B. aus dem Steuerrecht, welche die Speicherung von Daten regeln.<\/p>\n<p><strong><br \/>\n6. <\/strong><strong>Betroffenenrechte<br \/>\n<\/strong>Sie haben das Recht, von uns eine Best\u00e4tigung dar\u00fcber zu verlangen, ob Sie betreffende personenbezogene Daten verarbeitet werden. Senden Sie hierf\u00fcr bitte einfach eine E-Mail an kerstin@pinopa.de<\/p>\n<p>Des Weiteren haben Sie das Recht, von uns zu verlangen, dass<\/p>\n<ul>\n<li>Sie betreffende unrichtige personenbezogene Daten unverz\u00fcglich berichtigt werden (Recht auf Berichtigung);<\/li>\n<li>Sie betreffende personenbezogene Daten unverz\u00fcglich gel\u00f6scht werden (Recht auf L\u00f6schung) und<\/li>\n<li>die Verarbeitung eingeschr\u00e4nkt wird (Recht auf Einschr\u00e4nken der Verarbeitung).<\/li>\n<\/ul>\n<p><strong>\u00a0<\/strong>Senden Sie hierf\u00fcr bitte einfach eine E-Mail an kerstin@pinopa.de<\/p>\n<p>Sie haben das Recht, Sie betreffende personenbezogene Daten, die Sie uns bereitgestellt haben, in einem strukturierten, g\u00e4ngigen und maschinenlesbaren Format zu erhalten und diese Daten einem anderen Verantwortlichen zu \u00fcbermitteln. Senden Sie hierf\u00fcr bitte einfach eine E-Mail an kerstin@pinopa.de<\/p>\n<p>Sie haben das Recht, Ihre Einwilligung jederzeit zu widerrufen. Durch den Widerruf der Einwilligung wird die Rechtm\u00e4\u00dfigkeit der aufgrund der Einwilligung bis zum Widerruf erfolgten Verarbeitung nicht ber\u00fchrt. Senden Sie hierf\u00fcr bitte einfach eine E-Mail an kerstin@pinopa.de<\/p>\n<p>Ist die Verarbeitung Sie betreffender personenbezogener Daten f\u00fcr die Wahrnehmung einer Aufgabe, die im \u00f6ffentlichen Interesse liegt (Art. 6 Abs. 1 Buchst. e) DSGVO) oder zur Wahrung unserer berechtigten Interessen (Art. 6 Abs. 1 Buchst. f) DSGVO) erforderlich, steht Ihnen ein Widerspruchsrecht zu. Senden Sie hierf\u00fcr bitte einfach eine E-Mail an kerstin@pinopa.de<\/p>\n<p>Sind Sie der Ansicht, dass die Verarbeitung der Sie betreffenden personenbezogenen Daten gegen die DSGVO verst\u00f6\u00dft, haben Sie unbeschadet anderweitiger Rechtsbehelfe das Recht auf Beschwerde bei einer Aufsichtsbeh\u00f6rde.<\/p>\n<p><strong>\u00a0<\/strong><\/p>\n<p><strong>7. Sicherheit<br \/>\n<\/strong>F\u00fcr die Sicherheit Ihrer Daten verwenden wir modernste Internettechnologien. W\u00e4hrend des Onlineanfrageprozesses sind Ihre Angaben mit einer SSL-Verschl\u00fcsselung gesichert. F\u00fcr eine sichere Speicherung Ihrer Daten werden unsere Systeme durch Firewalls gesch\u00fctzt, die unberechtigte Zugriffe von au\u00dfen verhindern.<\/p>\n","protected":false},"excerpt":{"rendered":"<p>Datenschutzerkl\u00e4rung Wir, Handmade by PiNoPa &#8211; Kerstin Heneka (im Folgenden \u201cwir\/unser(e)&#8220;), nehmen den Schutz Ihrer pers\u00f6nlichen Daten sehr ernst und halten uns streng an alle geltenden Gesetze und Vorschriften zum Datenschutz, insbesondere an die Datenschutzgrundverordnung, (DSGVO), das Bundesdatenschutzgesetz (BDSG) und das Telemediengesetz (TMG). Die folgenden Erl\u00e4uterungen geben Ihnen einen \u00dcberblick dar\u00fcber, wie wir diesen Schutz &#8230; <span class=\"more\"><a class=\"more-link\" href=\"https:\/\/pinopa.de\/?page_id=805\">[Read more&#8230;]<\/a><\/span><\/p>\n","protected":false},"author":1,"featured_media":0,"parent":0,"menu_order":0,"comment_status":"closed","ping_status":"closed","template":"","meta":{"footnotes":""},"class_list":["entry","page","publish","author-meikel-doerrgmx-de","post-805"],"_links":{"self":[{"href":"https:\/\/pinopa.de\/index.php?rest_route=\/wp\/v2\/pages\/805","targetHints":{"allow":["GET"]}}],"collection":[{"href":"https:\/\/pinopa.de\/index.php?rest_route=\/wp\/v2\/pages"}],"about":[{"href":"https:\/\/pinopa.de\/index.php?rest_route=\/wp\/v2\/types\/page"}],"author":[{"embeddable":true,"href":"https:\/\/pinopa.de\/index.php?rest_route=\/wp\/v2\/users\/1"}],"replies":[{"embeddable":true,"href":"https:\/\/pinopa.de\/index.php?rest_route=%2Fwp%2Fv2%2Fcomments&post=805"}],"version-history":[{"count":5,"href":"https:\/\/pinopa.de\/index.php?rest_route=\/wp\/v2\/pages\/805\/revisions"}],"predecessor-version":[{"id":820,"href":"https:\/\/pinopa.de\/index.php?rest_route=\/wp\/v2\/pages\/805\/revisions\/820"}],"wp:attachment":[{"href":"https:\/\/pinopa.de\/index.php?rest_route=%2Fwp%2Fv2%2Fmedia&parent=805"}],"curies":[{"name":"wp","href":"https:\/\/api.w.org\/{rel}","templated":true}]}}